{"id":3244,"date":"2024-06-18T12:04:24","date_gmt":"2024-06-18T16:04:24","guid":{"rendered":"https:\/\/vivannguyenavocate.com\/donations\/"},"modified":"2026-04-03T17:04:56","modified_gmt":"2026-04-03T21:04:56","slug":"donations","status":"publish","type":"page","link":"https:\/\/vivannguyenavocate.com\/en\/donations\/","title":{"rendered":"Donations"},"content":{"rendered":"\t\t<div data-elementor-type=\"wp-page\" data-elementor-id=\"3244\" class=\"elementor elementor-3244 elementor-3208\" data-elementor-post-type=\"page\">\n\t\t\t\t<div class=\"elementor-element elementor-element-dae5f5e e-flex e-con-boxed elementor-invisible e-con e-parent\" data-id=\"dae5f5e\" data-element_type=\"container\" data-e-type=\"container\" data-settings=\"{&quot;background_background&quot;:&quot;classic&quot;,&quot;animation&quot;:&quot;fadeIn&quot;}\">\n\t\t\t\t\t<div class=\"e-con-inner\">\n\t\t<div class=\"elementor-element elementor-element-cf5767b e-flex e-con-boxed e-con e-child\" data-id=\"cf5767b\" data-element_type=\"container\" data-e-type=\"container\">\n\t\t\t\t\t<div class=\"e-con-inner\">\n\t\t\t\t\t<\/div>\n\t\t\t\t<\/div>\n\t\t\t\t\t<\/div>\n\t\t\t\t<\/div>\n\t\t<div class=\"elementor-element elementor-element-e01c34c animated-slow e-flex e-con-boxed elementor-invisible e-con e-parent\" data-id=\"e01c34c\" data-element_type=\"container\" data-e-type=\"container\" data-settings=\"{&quot;animation&quot;:&quot;fadeIn&quot;}\">\n\t\t\t\t\t<div class=\"e-con-inner\">\n\t\t\t\t<div class=\"elementor-element elementor-element-34f0596 elementor-widget elementor-widget-heading\" data-id=\"34f0596\" data-element_type=\"widget\" data-e-type=\"widget\" data-widget_type=\"heading.default\">\n\t\t\t\t<div class=\"elementor-widget-container\">\n\t\t\t\t\t<h2 class=\"elementor-heading-title elementor-size-default\">VIVAN NGUYEN AVOCATE INC.<\/h2>\t\t\t\t<\/div>\n\t\t\t\t<\/div>\n\t\t\t\t<div class=\"elementor-element elementor-element-40e3092 elementor-widget elementor-widget-hub_fancy_heading\" data-id=\"40e3092\" data-element_type=\"widget\" data-e-type=\"widget\" data-widget_type=\"hub_fancy_heading.default\">\n\t\t\t\t<div class=\"elementor-widget-container\">\n\t\t\t\t\t\n\t\t<div id=\"ld-fancy-heading-69d50c6c066ac\" class=\"ld-fancy-heading pos-rel\">\n\t\t\t<h6 class=\"ld-fh-element d-inline-block pos-rel  elementor-heading-title lqd-highlight-classic lqd-highlight-grow-left h6\"  > An office of philanthropy proud to have given<\/h6>\t\t<\/div>\n\n\t\t\t\t\t\t<\/div>\n\t\t\t\t<\/div>\n\t\t\t\t<div class=\"elementor-element elementor-element-f76be6e elementor-widget-divider--view-line elementor-widget elementor-widget-divider\" data-id=\"f76be6e\" data-element_type=\"widget\" data-e-type=\"widget\" data-widget_type=\"divider.default\">\n\t\t\t\t<div class=\"elementor-widget-container\">\n\t\t\t\t\t\t\t<div class=\"elementor-divider\">\n\t\t\t<span class=\"elementor-divider-separator\">\n\t\t\t\t\t\t<\/span>\n\t\t<\/div>\n\t\t\t\t\t\t<\/div>\n\t\t\t\t<\/div>\n\t\t<div class=\"elementor-element elementor-element-3c660da e-con-full e-flex e-con e-child\" data-id=\"3c660da\" data-element_type=\"container\" data-e-type=\"container\">\n\t\t\t\t<div class=\"elementor-element elementor-element-fc1b178 elementor-mobile-align-center elementor-align-center blinking-button elementor-invisible elementor-widget elementor-widget-button\" data-id=\"fc1b178\" data-element_type=\"widget\" data-e-type=\"widget\" data-settings=\"{&quot;_animation&quot;:&quot;fadeIn&quot;}\" data-widget_type=\"button.default\">\n\t\t\t\t<div class=\"elementor-widget-container\">\n\t\t\t\t\t\t\t\t\t<div class=\"elementor-button-wrapper\">\n\t\t\t\t\t<a class=\"elementor-button elementor-button-link elementor-size-lg\" href=\"\/en\/our-bio\/\">\n\t\t\t\t\t\t<span class=\"elementor-button-content-wrapper\">\n\t\t\t\t\t\t<span class=\"elementor-button-icon\">\n\t\t\t\t<i aria-hidden=\"true\" class=\"lqd-icn-ess icon-md-arrow-forward\"><\/i>\t\t\t<\/span>\n\t\t\t\t\t\t\t\t\t<span class=\"elementor-button-text\">Our bio<\/span>\n\t\t\t\t\t<\/span>\n\t\t\t\t\t<\/a>\n\t\t\t\t<\/div>\n\t\t\t\t\t\t\t\t<\/div>\n\t\t\t\t<\/div>\n\t\t\t\t<div class=\"elementor-element elementor-element-63e25ec elementor-mobile-align-center elementor-align-center blinking-button elementor-invisible elementor-widget elementor-widget-button\" data-id=\"63e25ec\" data-element_type=\"widget\" data-e-type=\"widget\" data-settings=\"{&quot;_animation&quot;:&quot;fadeIn&quot;}\" data-widget_type=\"button.default\">\n\t\t\t\t<div class=\"elementor-widget-container\">\n\t\t\t\t\t\t\t\t\t<div class=\"elementor-button-wrapper\">\n\t\t\t\t\t<a class=\"elementor-button elementor-button-link elementor-size-lg\" href=\"\/en\/our-values\/\">\n\t\t\t\t\t\t<span class=\"elementor-button-content-wrapper\">\n\t\t\t\t\t\t<span class=\"elementor-button-icon\">\n\t\t\t\t<i aria-hidden=\"true\" class=\"lqd-icn-ess icon-md-arrow-forward\"><\/i>\t\t\t<\/span>\n\t\t\t\t\t\t\t\t\t<span class=\"elementor-button-text\">Our Values<\/span>\n\t\t\t\t\t<\/span>\n\t\t\t\t\t<\/a>\n\t\t\t\t<\/div>\n\t\t\t\t\t\t\t\t<\/div>\n\t\t\t\t<\/div>\n\t\t\t\t<\/div>\n\t\t\t\t\t<\/div>\n\t\t\t\t<\/div>\n\t\t<div class=\"elementor-element elementor-element-8f76327 e-con-full e-flex e-con e-parent\" data-id=\"8f76327\" data-element_type=\"container\" data-e-type=\"container\">\n\t\t<div class=\"elementor-element elementor-element-7d056c1 e-con-full e-flex e-con e-child\" data-id=\"7d056c1\" data-element_type=\"container\" data-e-type=\"container\">\n\t\t<div class=\"elementor-element elementor-element-51892f4 e-con-full e-flex e-con e-child\" data-id=\"51892f4\" data-element_type=\"container\" data-e-type=\"container\">\n\t\t\t\t<div class=\"elementor-element elementor-element-6054e29 elementor-widget elementor-widget-image\" data-id=\"6054e29\" data-element_type=\"widget\" data-e-type=\"widget\" data-widget_type=\"image.default\">\n\t\t\t\t<div class=\"elementor-widget-container\">\n\t\t\t\t\t\t\t\t\t\t\t\t\t\t\t<img decoding=\"async\" src=\"https:\/\/unsplash.com\/photos\/1_yycyoMT6g\/download?ixid=M3wxMjA3fDB8MXxzZWFyY2h8MTB8fGphcmRpbnxmcnwwfHx8fDE3MTg1NjU5MTB8MA&#038;force=true&#038;w=1920\" title=\"\" alt=\"\" loading=\"lazy\" \/>\t\t\t\t\t\t\t\t\t\t\t\t\t\t\t<\/div>\n\t\t\t\t<\/div>\n\t\t\t\t<\/div>\n\t\t<div class=\"elementor-element elementor-element-55da3cc e-con-full e-flex e-con e-child\" data-id=\"55da3cc\" data-element_type=\"container\" data-e-type=\"container\">\n\t\t\t\t<div class=\"elementor-element elementor-element-f7173d8 elementor-widget elementor-widget-image\" data-id=\"f7173d8\" data-element_type=\"widget\" data-e-type=\"widget\" data-widget_type=\"image.default\">\n\t\t\t\t<div class=\"elementor-widget-container\">\n\t\t\t\t\t\t\t\t\t\t\t\t\t\t\t<img fetchpriority=\"high\" decoding=\"async\" width=\"683\" height=\"1024\" src=\"https:\/\/vivannguyenavocate.com\/wp-content\/uploads\/2026\/01\/F-copie-683x1024.webp\" class=\"attachment-large size-large wp-image-5351\" alt=\"\" srcset=\"https:\/\/vivannguyenavocate.com\/wp-content\/uploads\/2026\/01\/F-copie-683x1024.webp 683w, https:\/\/vivannguyenavocate.com\/wp-content\/uploads\/2026\/01\/F-copie-200x300.webp 200w, https:\/\/vivannguyenavocate.com\/wp-content\/uploads\/2026\/01\/F-copie-1024x1536.webp 1024w, https:\/\/vivannguyenavocate.com\/wp-content\/uploads\/2026\/01\/F-copie.webp 1080w\" sizes=\"(max-width: 683px) 100vw, 683px\" \/>\t\t\t\t\t\t\t\t\t\t\t\t\t\t\t<\/div>\n\t\t\t\t<\/div>\n\t\t\t\t<\/div>\n\t\t\t\t<\/div>\n\t\t<div class=\"elementor-element elementor-element-c89c62d e-con-full e-flex e-con e-child\" data-id=\"c89c62d\" data-element_type=\"container\" data-e-type=\"container\">\n\t\t\t\t<div class=\"elementor-element elementor-element-a0838e0 elementor-widget elementor-widget-text-editor\" data-id=\"a0838e0\" data-element_type=\"widget\" data-e-type=\"widget\" data-widget_type=\"text-editor.default\">\n\t\t\t\t<div class=\"elementor-widget-container\">\n\t\t\t\t\t\t\t\t\t<ul><li><strong> One thousand (1,000) dollars<\/strong> in aid to Ukraine;<\/li><li><strong> Ten thousand (10,000) dollars<\/strong> in donation for a civil lawsuit against the DYP;<\/li><li><strong>Five hundred (500) dollars<\/strong> in donation to Les Grands Ballets Canadiens in support of arts and culture;<\/li><li><strong> 65 pro bono hours<\/strong> in an appeal during proceedings against the DYP;<\/li><li><strong>60 pro bono hours<\/strong> in a civil lawsuit against the DYP;<\/li><li><strong>Three hundred (300) dollars<\/strong> in donation to DAQ Droit Animalier du Qu\u00e9bec to support Initiative perroquets \u00e9panouis.<\/li><li><strong>Three hundred (300) dollars<\/strong> in donation to Pointe To Pointe, \u00c9cole Sup\u00e9rieure de Ballet du Qu\u00e9bec and Grands Ballets Canadiens joint fundraising campaign<\/li><li><strong>One thousand six hundreds (1600) dollars<\/strong> in legal stamp fees in a pro bono civil case against the DYP.<\/li><\/ul>\t\t\t\t\t\t\t\t<\/div>\n\t\t\t\t<\/div>\n\t\t\t\t<\/div>\n\t\t\t\t<\/div>\n\t\t<div class=\"elementor-element elementor-element-8bbbfc4 e-flex e-con-boxed elementor-invisible e-con e-parent\" data-id=\"8bbbfc4\" data-element_type=\"container\" data-e-type=\"container\" data-settings=\"{&quot;animation&quot;:&quot;fadeIn&quot;}\">\n\t\t\t\t\t<div class=\"e-con-inner\">\n\t\t\t\t<div class=\"elementor-element elementor-element-14c0e42 elementor-mobile-align-center elementor-align-center blinking-button-noir-2 elementor-invisible elementor-widget elementor-widget-button\" data-id=\"14c0e42\" data-element_type=\"widget\" data-e-type=\"widget\" data-settings=\"{&quot;_animation&quot;:&quot;fadeIn&quot;}\" data-widget_type=\"button.default\">\n\t\t\t\t<div class=\"elementor-widget-container\">\n\t\t\t\t\t\t\t\t\t<div class=\"elementor-button-wrapper\">\n\t\t\t\t\t<a class=\"elementor-button elementor-button-link elementor-size-lg\" href=\"\/en\/dossiers-dpj\/\">\n\t\t\t\t\t\t<span class=\"elementor-button-content-wrapper\">\n\t\t\t\t\t\t\t\t\t<span class=\"elementor-button-text\">Youth Protection Law<\/span>\n\t\t\t\t\t<\/span>\n\t\t\t\t\t<\/a>\n\t\t\t\t<\/div>\n\t\t\t\t\t\t\t\t<\/div>\n\t\t\t\t<\/div>\n\t\t\t\t<div class=\"elementor-element elementor-element-adb4046 elementor-mobile-align-center elementor-align-center blinking-button-noir-2 elementor-invisible elementor-widget elementor-widget-button\" data-id=\"adb4046\" data-element_type=\"widget\" data-e-type=\"widget\" data-settings=\"{&quot;_animation&quot;:&quot;fadeIn&quot;}\" data-widget_type=\"button.default\">\n\t\t\t\t<div class=\"elementor-widget-container\">\n\t\t\t\t\t\t\t\t\t<div class=\"elementor-button-wrapper\">\n\t\t\t\t\t<a class=\"elementor-button elementor-button-link elementor-size-lg\" href=\"\/en\/medias\">\n\t\t\t\t\t\t<span class=\"elementor-button-content-wrapper\">\n\t\t\t\t\t\t\t\t\t<span class=\"elementor-button-text\">Media<\/span>\n\t\t\t\t\t<\/span>\n\t\t\t\t\t<\/a>\n\t\t\t\t<\/div>\n\t\t\t\t\t\t\t\t<\/div>\n\t\t\t\t<\/div>\n\t\t\t\t<div class=\"elementor-element elementor-element-241dd93 elementor-mobile-align-center elementor-align-center blinking-button-noir elementor-invisible elementor-widget elementor-widget-button\" data-id=\"241dd93\" data-element_type=\"widget\" data-e-type=\"widget\" data-settings=\"{&quot;_animation&quot;:&quot;fadeIn&quot;}\" data-widget_type=\"button.default\">\n\t\t\t\t<div class=\"elementor-widget-container\">\n\t\t\t\t\t\t\t\t\t<div class=\"elementor-button-wrapper\">\n\t\t\t\t\t<a class=\"elementor-button elementor-button-link elementor-size-lg\" href=\"\/en\/faq\">\n\t\t\t\t\t\t<span class=\"elementor-button-content-wrapper\">\n\t\t\t\t\t\t\t\t\t<span class=\"elementor-button-text\">F.A.Q.<\/span>\n\t\t\t\t\t<\/span>\n\t\t\t\t\t<\/a>\n\t\t\t\t<\/div>\n\t\t\t\t\t\t\t\t<\/div>\n\t\t\t\t<\/div>\n\t\t\t\t\t<\/div>\n\t\t\t\t<\/div>\n\t\t\t\t<\/div>\n\t\t","protected":false},"excerpt":{"rendered":"<p>VIVAN NGUYEN AVOCATE INC. An office of philanthropy proud to have given Our bio Our Values One thousand (1,000) dollars in aid to Ukraine; Ten thousand (10,000) dollars in donation for a civil lawsuit against the DYP; Five hundred (500) dollars in donation to Les Grands Ballets Canadiens in support of arts and culture; 65 [&hellip;]<\/p>\n","protected":false},"author":2,"featured_media":0,"parent":0,"menu_order":0,"comment_status":"closed","ping_status":"closed","template":"","meta":{"inline_featured_image":false,"footnotes":""},"class_list":["post-3244","page","type-page","status-publish","hentry"],"yoast_head":"<!-- This site is optimized with the Yoast SEO plugin v27.3 - https:\/\/yoast.com\/product\/yoast-seo-wordpress\/ -->\n<title>Donations<\/title>\n<meta name=\"robots\" content=\"index, follow, max-snippet:-1, max-image-preview:large, max-video-preview:-1\" \/>\n<link rel=\"canonical\" href=\"https:\/\/vivannguyenavocate.com\/donations\/\" \/>\n<meta property=\"og:locale\" content=\"en_US\" \/>\n<meta property=\"og:type\" content=\"article\" \/>\n<meta property=\"og:title\" content=\"Donations\" \/>\n<meta property=\"og:description\" content=\"VIVAN NGUYEN AVOCATE INC. An office of philanthropy proud to have given Our bio Our Values One thousand (1,000) dollars in aid to Ukraine; Ten thousand (10,000) dollars in donation for a civil lawsuit against the DYP; Five hundred (500) dollars in donation to Les Grands Ballets Canadiens in support of arts and culture; 65 [&hellip;]\" \/>\n<meta property=\"og:url\" content=\"https:\/\/vivannguyenavocate.com\/donations\/\" \/>\n<meta property=\"og:site_name\" content=\"VIVAN NGUYEN AVOCATE | DPJ | Protection de la jeunesse\" \/>\n<meta property=\"article:modified_time\" content=\"2026-04-03T21:04:56+00:00\" \/>\n<meta property=\"og:image\" content=\"https:\/\/unsplash.com\/photos\/1_yycyoMT6g\/download?ixid=M3wxMjA3fDB8MXxzZWFyY2h8MTB8fGphcmRpbnxmcnwwfHx8fDE3MTg1NjU5MTB8MA&#038;force=true&#038;w=1920\" \/>\n<meta name=\"twitter:card\" content=\"summary_large_image\" \/>\n<meta name=\"twitter:label1\" content=\"Est. reading time\" \/>\n\t<meta name=\"twitter:data1\" content=\"1 minute\" \/>\n<script type=\"application\/ld+json\" class=\"yoast-schema-graph\">{\"@context\":\"https:\\\/\\\/schema.org\",\"@graph\":[{\"@type\":\"WebPage\",\"@id\":\"https:\\\/\\\/vivannguyenavocate.com\\\/donations\\\/\",\"url\":\"https:\\\/\\\/vivannguyenavocate.com\\\/donations\\\/\",\"name\":\"Donations\",\"isPartOf\":{\"@id\":\"https:\\\/\\\/vivannguyenavocate.com\\\/#website\"},\"primaryImageOfPage\":{\"@id\":\"https:\\\/\\\/vivannguyenavocate.com\\\/donations\\\/#primaryimage\"},\"image\":{\"@id\":\"https:\\\/\\\/vivannguyenavocate.com\\\/donations\\\/#primaryimage\"},\"thumbnailUrl\":\"https:\\\/\\\/unsplash.com\\\/photos\\\/1_yycyoMT6g\\\/download?ixid=M3wxMjA3fDB8MXxzZWFyY2h8MTB8fGphcmRpbnxmcnwwfHx8fDE3MTg1NjU5MTB8MA&#038;force=true&#038;w=1920\",\"datePublished\":\"2024-06-18T16:04:24+00:00\",\"dateModified\":\"2026-04-03T21:04:56+00:00\",\"breadcrumb\":{\"@id\":\"https:\\\/\\\/vivannguyenavocate.com\\\/donations\\\/#breadcrumb\"},\"inLanguage\":\"en-CA\",\"potentialAction\":[{\"@type\":\"ReadAction\",\"target\":[\"https:\\\/\\\/vivannguyenavocate.com\\\/donations\\\/\"]}]},{\"@type\":\"ImageObject\",\"inLanguage\":\"en-CA\",\"@id\":\"https:\\\/\\\/vivannguyenavocate.com\\\/donations\\\/#primaryimage\",\"url\":\"https:\\\/\\\/unsplash.com\\\/photos\\\/1_yycyoMT6g\\\/download?ixid=M3wxMjA3fDB8MXxzZWFyY2h8MTB8fGphcmRpbnxmcnwwfHx8fDE3MTg1NjU5MTB8MA&#038;force=true&#038;w=1920\",\"contentUrl\":\"https:\\\/\\\/unsplash.com\\\/photos\\\/1_yycyoMT6g\\\/download?ixid=M3wxMjA3fDB8MXxzZWFyY2h8MTB8fGphcmRpbnxmcnwwfHx8fDE3MTg1NjU5MTB8MA&#038;force=true&#038;w=1920\"},{\"@type\":\"BreadcrumbList\",\"@id\":\"https:\\\/\\\/vivannguyenavocate.com\\\/donations\\\/#breadcrumb\",\"itemListElement\":[{\"@type\":\"ListItem\",\"position\":1,\"name\":\"Accueil\",\"item\":\"https:\\\/\\\/vivannguyenavocate.com\\\/en\\\/\"},{\"@type\":\"ListItem\",\"position\":2,\"name\":\"Donations\"}]},{\"@type\":\"WebSite\",\"@id\":\"https:\\\/\\\/vivannguyenavocate.com\\\/#website\",\"url\":\"https:\\\/\\\/vivannguyenavocate.com\\\/\",\"name\":\"Vivan Nguyen Avocate\",\"description\":\"Protection de la jeunesse et droit familial\",\"publisher\":{\"@id\":\"https:\\\/\\\/vivannguyenavocate.com\\\/#\\\/schema\\\/person\\\/a0d20109143a9a838c87bb893fb0180a\"},\"potentialAction\":[{\"@type\":\"SearchAction\",\"target\":{\"@type\":\"EntryPoint\",\"urlTemplate\":\"https:\\\/\\\/vivannguyenavocate.com\\\/?s={search_term_string}\"},\"query-input\":{\"@type\":\"PropertyValueSpecification\",\"valueRequired\":true,\"valueName\":\"search_term_string\"}}],\"inLanguage\":\"en-CA\"},{\"@type\":[\"Person\",\"Organization\"],\"@id\":\"https:\\\/\\\/vivannguyenavocate.com\\\/#\\\/schema\\\/person\\\/a0d20109143a9a838c87bb893fb0180a\",\"name\":\"admin\",\"image\":{\"@type\":\"ImageObject\",\"inLanguage\":\"en-CA\",\"@id\":\"https:\\\/\\\/vivannguyenavocate.com\\\/wp-content\\\/uploads\\\/2024\\\/04\\\/main-logo-top-icon-white-bg-1.png\",\"url\":\"https:\\\/\\\/vivannguyenavocate.com\\\/wp-content\\\/uploads\\\/2024\\\/04\\\/main-logo-top-icon-white-bg-1.png\",\"contentUrl\":\"https:\\\/\\\/vivannguyenavocate.com\\\/wp-content\\\/uploads\\\/2024\\\/04\\\/main-logo-top-icon-white-bg-1.png\",\"width\":1912,\"height\":577,\"caption\":\"admin\"},\"logo\":{\"@id\":\"https:\\\/\\\/vivannguyenavocate.com\\\/wp-content\\\/uploads\\\/2024\\\/04\\\/main-logo-top-icon-white-bg-1.png\"},\"sameAs\":[\"https:\\\/\\\/vivannguyenavocate.com\"]}]}<\/script>\n<!-- \/ Yoast SEO plugin. -->","yoast_head_json":{"title":"Donations","robots":{"index":"index","follow":"follow","max-snippet":"max-snippet:-1","max-image-preview":"max-image-preview:large","max-video-preview":"max-video-preview:-1"},"canonical":"https:\/\/vivannguyenavocate.com\/donations\/","og_locale":"en_US","og_type":"article","og_title":"Donations","og_description":"VIVAN NGUYEN AVOCATE INC. An office of philanthropy proud to have given Our bio Our Values One thousand (1,000) dollars in aid to Ukraine; Ten thousand (10,000) dollars in donation for a civil lawsuit against the DYP; Five hundred (500) dollars in donation to Les Grands Ballets Canadiens in support of arts and culture; 65 [&hellip;]","og_url":"https:\/\/vivannguyenavocate.com\/donations\/","og_site_name":"VIVAN NGUYEN AVOCATE | DPJ | Protection de la jeunesse","article_modified_time":"2026-04-03T21:04:56+00:00","og_image":[{"url":"https:\/\/unsplash.com\/photos\/1_yycyoMT6g\/download?ixid=M3wxMjA3fDB8MXxzZWFyY2h8MTB8fGphcmRpbnxmcnwwfHx8fDE3MTg1NjU5MTB8MA&#038;force=true&#038;w=1920","type":"","width":"","height":""}],"twitter_card":"summary_large_image","twitter_misc":{"Est. reading time":"1 minute"},"schema":{"@context":"https:\/\/schema.org","@graph":[{"@type":"WebPage","@id":"https:\/\/vivannguyenavocate.com\/donations\/","url":"https:\/\/vivannguyenavocate.com\/donations\/","name":"Donations","isPartOf":{"@id":"https:\/\/vivannguyenavocate.com\/#website"},"primaryImageOfPage":{"@id":"https:\/\/vivannguyenavocate.com\/donations\/#primaryimage"},"image":{"@id":"https:\/\/vivannguyenavocate.com\/donations\/#primaryimage"},"thumbnailUrl":"https:\/\/unsplash.com\/photos\/1_yycyoMT6g\/download?ixid=M3wxMjA3fDB8MXxzZWFyY2h8MTB8fGphcmRpbnxmcnwwfHx8fDE3MTg1NjU5MTB8MA&#038;force=true&#038;w=1920","datePublished":"2024-06-18T16:04:24+00:00","dateModified":"2026-04-03T21:04:56+00:00","breadcrumb":{"@id":"https:\/\/vivannguyenavocate.com\/donations\/#breadcrumb"},"inLanguage":"en-CA","potentialAction":[{"@type":"ReadAction","target":["https:\/\/vivannguyenavocate.com\/donations\/"]}]},{"@type":"ImageObject","inLanguage":"en-CA","@id":"https:\/\/vivannguyenavocate.com\/donations\/#primaryimage","url":"https:\/\/unsplash.com\/photos\/1_yycyoMT6g\/download?ixid=M3wxMjA3fDB8MXxzZWFyY2h8MTB8fGphcmRpbnxmcnwwfHx8fDE3MTg1NjU5MTB8MA&#038;force=true&#038;w=1920","contentUrl":"https:\/\/unsplash.com\/photos\/1_yycyoMT6g\/download?ixid=M3wxMjA3fDB8MXxzZWFyY2h8MTB8fGphcmRpbnxmcnwwfHx8fDE3MTg1NjU5MTB8MA&#038;force=true&#038;w=1920"},{"@type":"BreadcrumbList","@id":"https:\/\/vivannguyenavocate.com\/donations\/#breadcrumb","itemListElement":[{"@type":"ListItem","position":1,"name":"Accueil","item":"https:\/\/vivannguyenavocate.com\/en\/"},{"@type":"ListItem","position":2,"name":"Donations"}]},{"@type":"WebSite","@id":"https:\/\/vivannguyenavocate.com\/#website","url":"https:\/\/vivannguyenavocate.com\/","name":"Vivan Nguyen Avocate","description":"Protection de la jeunesse et droit familial","publisher":{"@id":"https:\/\/vivannguyenavocate.com\/#\/schema\/person\/a0d20109143a9a838c87bb893fb0180a"},"potentialAction":[{"@type":"SearchAction","target":{"@type":"EntryPoint","urlTemplate":"https:\/\/vivannguyenavocate.com\/?s={search_term_string}"},"query-input":{"@type":"PropertyValueSpecification","valueRequired":true,"valueName":"search_term_string"}}],"inLanguage":"en-CA"},{"@type":["Person","Organization"],"@id":"https:\/\/vivannguyenavocate.com\/#\/schema\/person\/a0d20109143a9a838c87bb893fb0180a","name":"admin","image":{"@type":"ImageObject","inLanguage":"en-CA","@id":"https:\/\/vivannguyenavocate.com\/wp-content\/uploads\/2024\/04\/main-logo-top-icon-white-bg-1.png","url":"https:\/\/vivannguyenavocate.com\/wp-content\/uploads\/2024\/04\/main-logo-top-icon-white-bg-1.png","contentUrl":"https:\/\/vivannguyenavocate.com\/wp-content\/uploads\/2024\/04\/main-logo-top-icon-white-bg-1.png","width":1912,"height":577,"caption":"admin"},"logo":{"@id":"https:\/\/vivannguyenavocate.com\/wp-content\/uploads\/2024\/04\/main-logo-top-icon-white-bg-1.png"},"sameAs":["https:\/\/vivannguyenavocate.com"]}]}},"_links":{"self":[{"href":"https:\/\/vivannguyenavocate.com\/en\/wp-json\/wp\/v2\/pages\/3244","targetHints":{"allow":["GET"]}}],"collection":[{"href":"https:\/\/vivannguyenavocate.com\/en\/wp-json\/wp\/v2\/pages"}],"about":[{"href":"https:\/\/vivannguyenavocate.com\/en\/wp-json\/wp\/v2\/types\/page"}],"author":[{"embeddable":true,"href":"https:\/\/vivannguyenavocate.com\/en\/wp-json\/wp\/v2\/users\/2"}],"replies":[{"embeddable":true,"href":"https:\/\/vivannguyenavocate.com\/en\/wp-json\/wp\/v2\/comments?post=3244"}],"version-history":[{"count":3,"href":"https:\/\/vivannguyenavocate.com\/en\/wp-json\/wp\/v2\/pages\/3244\/revisions"}],"predecessor-version":[{"id":7243,"href":"https:\/\/vivannguyenavocate.com\/en\/wp-json\/wp\/v2\/pages\/3244\/revisions\/7243"}],"wp:attachment":[{"href":"https:\/\/vivannguyenavocate.com\/en\/wp-json\/wp\/v2\/media?parent=3244"}],"curies":[{"name":"wp","href":"https:\/\/api.w.org\/{rel}","templated":true}]}}